{"id":81,"date":"2020-07-30T11:16:31","date_gmt":"2020-07-30T11:16:31","guid":{"rendered":"http:\/\/galaxyshoppingdumbravita.ro\/?page_id=81"},"modified":"2020-10-08T13:49:29","modified_gmt":"2020-10-08T13:49:29","slug":"dezvoltator","status":"publish","type":"page","link":"https:\/\/galaxyshoppingdumbravita.ro\/en\/dezvoltator\/","title":{"rendered":"Developer"},"content":{"rendered":"\t\t<div data-elementor-type=\"wp-page\" data-elementor-id=\"81\" class=\"elementor elementor-81\">\n\t\t\t\t\t\t<section class=\"elementor-section elementor-top-section elementor-element elementor-element-578ac5f elementor-section-boxed elementor-section-height-default elementor-section-height-default\" data-id=\"578ac5f\" data-element_type=\"section\">\n\t\t\t\t\t\t<div class=\"elementor-container elementor-column-gap-default\">\n\t\t\t\t\t<div class=\"elementor-column elementor-col-50 elementor-top-column elementor-element elementor-element-b484fa2 mobile-image\" data-id=\"b484fa2\" data-element_type=\"column\" data-settings=\"{&quot;background_background&quot;:&quot;slideshow&quot;,&quot;background_slideshow_gallery&quot;:[{&quot;id&quot;:89,&quot;url&quot;:&quot;http:\\\/\\\/galaxyshoppingdumbravita.ro\\\/wp-content\\\/uploads\\\/2020\\\/07\\\/hotel-dumbravita-scaled.jpg&quot;},{&quot;id&quot;:88,&quot;url&quot;:&quot;http:\\\/\\\/galaxyshoppingdumbravita.ro\\\/wp-content\\\/uploads\\\/2020\\\/07\\\/hotel-dumbravita-2-scaled.jpg&quot;}],&quot;background_slideshow_ken_burns&quot;:&quot;yes&quot;,&quot;background_slideshow_loop&quot;:&quot;yes&quot;,&quot;background_slideshow_slide_duration&quot;:5000,&quot;background_slideshow_slide_transition&quot;:&quot;fade&quot;,&quot;background_slideshow_transition_duration&quot;:500,&quot;background_slideshow_ken_burns_zoom_direction&quot;:&quot;in&quot;}\">\n\t\t\t<div class=\"elementor-widget-wrap\">\n\t\t\t\t\t\t\t<\/div>\n\t\t<\/div>\n\t\t\t\t<div class=\"elementor-column elementor-col-50 elementor-top-column elementor-element elementor-element-b0cf30a\" data-id=\"b0cf30a\" data-element_type=\"column\">\n\t\t\t<div class=\"elementor-widget-wrap elementor-element-populated\">\n\t\t\t\t\t\t<div class=\"elementor-element elementor-element-819d08e elementor-widget elementor-widget-text-editor\" data-id=\"819d08e\" data-element_type=\"widget\" data-widget_type=\"text-editor.default\">\n\t\t\t\t<div class=\"elementor-widget-container\">\n\t\t\t\t\t\t\t\t\t<h1>Hotel Galaxy<\/h1><p>Boutique Hotel Galaxy v\u0103 \u00eent\u00e2mpin\u0103 cu o arhitectur\u0103 unic\u0103 \u0219i elegant\u0103. Situat \u00eentr-o zon\u0103 reziden\u021bial\u0103 la 15 minute de mers cu ma\u0219ina de ora\u0219ul vechi din Timi\u0219oara \u0219i la 10 minute de mers cu ma\u0219ina de Aeroportul Interna\u021bional Timi\u0219oara, Hotelul Galaxy este perfect at\u00e2t pentru agrement, c\u00e2t \u0219i pentru afaceri.<\/p><p>Hotelul nostru este o oaz\u0103 de cump\u0103r\u0103turi, fiind situat la doar 5 minute de mers cu ma\u0219ina de cel mai mare Mall din estul Europei, Iulius Mall. Fiecare camer\u0103 are o gam\u0103 larg\u0103 de facilit\u0103\u021bi: TV LED SAMSUNG, acces cu carduri, aer condi\u021bionat, TV prin satelit, re\u021bea Wi-Fi \u0219i LAN garantat\u0103, telefon, minibar, birou de lucru, usc\u0103tor de p\u0103r. Fiecare camer\u0103 are minimum 25 mp \u0219i balcon.<\/p><p>Restaurantul s\u0103u italian cu o atmosfer\u0103 unic\u0103 de Formula 1 v\u0103 poate oferi buc\u0103t\u0103rie mediteranean\u0103, italian\u0103 \u0219i interna\u021bional\u0103. Boutique Hotel Galaxy ofer\u0103 oaspe\u021bilor s\u0103i, de asemenea, parcare gratuit\u0103, biciclete gratuite \u0219i concierge gratuit.\u00a0<\/p><p><a class=\"read-more\" title=\"Hotel Galaxy\" href=\"http:\/\/hotelgalaxy.ro\/hotel\/\" target=\"_blank\" rel=\"noopener\">Vezi detalii<i class=\"icon-galaxy-chevron-right\"><\/i><\/a><\/p>\t\t\t\t\t\t\t\t<\/div>\n\t\t\t\t<\/div>\n\t\t\t\t\t<\/div>\n\t\t<\/div>\n\t\t\t\t\t<\/div>\n\t\t<\/section>\n\t\t\t\t<section class=\"elementor-section elementor-top-section elementor-element elementor-element-e1703f2 elementor-reverse-mobile elementor-section-boxed elementor-section-height-default elementor-section-height-default\" data-id=\"e1703f2\" data-element_type=\"section\" data-settings=\"{&quot;background_background&quot;:&quot;classic&quot;}\">\n\t\t\t\t\t\t<div class=\"elementor-container elementor-column-gap-default\">\n\t\t\t\t\t<div class=\"elementor-column elementor-col-50 elementor-top-column elementor-element elementor-element-0464e56\" data-id=\"0464e56\" data-element_type=\"column\">\n\t\t\t<div class=\"elementor-widget-wrap elementor-element-populated\">\n\t\t\t\t\t\t<div class=\"elementor-element elementor-element-bab0d2b elementor-widget elementor-widget-text-editor\" data-id=\"bab0d2b\" data-element_type=\"widget\" data-widget_type=\"text-editor.default\">\n\t\t\t\t<div class=\"elementor-widget-container\">\n\t\t\t\t\t\t\t\t\t<h1>\u00a0Hotel Galaxy Central<\/h1><p>In curand, un nou hotel in Timisoara, Galaxy Central, clasificat la patru stele. Revenim, punctual, pe parcursul evolutiei lucrarilor de amenajare, cu noi informatii.<\/p>\t\t\t\t\t\t\t\t<\/div>\n\t\t\t\t<\/div>\n\t\t\t\t\t<\/div>\n\t\t<\/div>\n\t\t\t\t<div class=\"elementor-column elementor-col-50 elementor-top-column elementor-element elementor-element-6991ef1 mobile-image special\" data-id=\"6991ef1\" data-element_type=\"column\" data-settings=\"{&quot;background_background&quot;:&quot;slideshow&quot;,&quot;background_slideshow_gallery&quot;:[{&quot;id&quot;:101,&quot;url&quot;:&quot;http:\\\/\\\/galaxyshoppingdumbravita.ro\\\/wp-content\\\/uploads\\\/2020\\\/07\\\/hotel4.jpg&quot;},{&quot;id&quot;:105,&quot;url&quot;:&quot;http:\\\/\\\/galaxyshoppingdumbravita.ro\\\/wp-content\\\/uploads\\\/2020\\\/07\\\/hotel1.jpg&quot;},{&quot;id&quot;:106,&quot;url&quot;:&quot;http:\\\/\\\/galaxyshoppingdumbravita.ro\\\/wp-content\\\/uploads\\\/2020\\\/07\\\/hotel2.jpg&quot;},{&quot;id&quot;:107,&quot;url&quot;:&quot;http:\\\/\\\/galaxyshoppingdumbravita.ro\\\/wp-content\\\/uploads\\\/2020\\\/07\\\/hotel3.jpg&quot;},{&quot;id&quot;:108,&quot;url&quot;:&quot;http:\\\/\\\/galaxyshoppingdumbravita.ro\\\/wp-content\\\/uploads\\\/2020\\\/07\\\/hotel5.jpg&quot;}],&quot;background_slideshow_ken_burns&quot;:&quot;yes&quot;,&quot;background_slideshow_loop&quot;:&quot;yes&quot;,&quot;background_slideshow_slide_duration&quot;:5000,&quot;background_slideshow_slide_transition&quot;:&quot;fade&quot;,&quot;background_slideshow_transition_duration&quot;:500,&quot;background_slideshow_ken_burns_zoom_direction&quot;:&quot;in&quot;}\">\n\t\t\t<div class=\"elementor-widget-wrap\">\n\t\t\t\t\t\t\t<\/div>\n\t\t<\/div>\n\t\t\t\t\t<\/div>\n\t\t<\/section>\n\t\t\t\t<section class=\"elementor-section elementor-top-section elementor-element elementor-element-cb346c9 elementor-section-boxed elementor-section-height-default elementor-section-height-default\" data-id=\"cb346c9\" data-element_type=\"section\">\n\t\t\t\t\t\t<div class=\"elementor-container elementor-column-gap-default\">\n\t\t\t\t\t<div class=\"elementor-column elementor-col-50 elementor-top-column elementor-element elementor-element-0ec8cba mobile-image\" data-id=\"0ec8cba\" data-element_type=\"column\" data-settings=\"{&quot;background_background&quot;:&quot;slideshow&quot;,&quot;background_slideshow_gallery&quot;:[{&quot;id&quot;:98,&quot;url&quot;:&quot;http:\\\/\\\/galaxyshoppingdumbravita.ro\\\/wp-content\\\/uploads\\\/2020\\\/07\\\/riviera-scaled.jpg&quot;},{&quot;id&quot;:110,&quot;url&quot;:&quot;http:\\\/\\\/galaxyshoppingdumbravita.ro\\\/wp-content\\\/uploads\\\/2020\\\/07\\\/riviera2-scaled.jpg&quot;}],&quot;background_slideshow_ken_burns&quot;:&quot;yes&quot;,&quot;background_slideshow_loop&quot;:&quot;yes&quot;,&quot;background_slideshow_slide_duration&quot;:5000,&quot;background_slideshow_slide_transition&quot;:&quot;fade&quot;,&quot;background_slideshow_transition_duration&quot;:500,&quot;background_slideshow_ken_burns_zoom_direction&quot;:&quot;in&quot;}\">\n\t\t\t<div class=\"elementor-widget-wrap\">\n\t\t\t\t\t\t\t<\/div>\n\t\t<\/div>\n\t\t\t\t<div class=\"elementor-column elementor-col-50 elementor-top-column elementor-element elementor-element-ceeccc1\" data-id=\"ceeccc1\" data-element_type=\"column\">\n\t\t\t<div class=\"elementor-widget-wrap elementor-element-populated\">\n\t\t\t\t\t\t<div class=\"elementor-element elementor-element-960dfa9 elementor-widget elementor-widget-text-editor\" data-id=\"960dfa9\" data-element_type=\"widget\" data-widget_type=\"text-editor.default\">\n\t\t\t\t<div class=\"elementor-widget-container\">\n\t\t\t\t\t\t\t\t\t<h1>Restaurant &#8222;la Riviera&#8221;<\/h1><p>Deschis \u00een 2015, restaurantul \u201ela Riviera\u201d a devenit un restaurant recunoscut, cu buc\u0103t\u0103rie excep\u021bional\u0103 \u0219i cu siguran\u021b\u0103 cel mai remarcabil din ora\u0219. Conceptul de \u201ela Riviera\u201d se bazeaz\u0103 pe un stil modern, implic\u00e2nd mult dinamism.<\/p><p>\u00cen timpul verii, v\u0103 pute\u021bi bucura de m\u00e2nc\u0103rurile noastre pe terasa din curtea din spate, \u00eentr-o oaz\u0103 de lini\u0219te.\u00a0<\/p><p><a class=\"read-more\" title=\"Restaurant la Riviera\" href=\"http:\/\/hotelgalaxy.ro\/restaurant\/\" target=\"_blank\" rel=\"noopener\">Vezi detalii<i class=\"icon-galaxy-chevron-right\"><\/i><\/a><\/p>\t\t\t\t\t\t\t\t<\/div>\n\t\t\t\t<\/div>\n\t\t\t\t\t<\/div>\n\t\t<\/div>\n\t\t\t\t\t<\/div>\n\t\t<\/section>\n\t\t\t\t<\/div>\n\t\t","protected":false},"excerpt":{"rendered":"Hotel Galaxy Boutique Hotel Galaxy v\u0103 \u00eent\u00e2mpin\u0103 cu o arhitectur\u0103 unic\u0103 \u0219i elegant\u0103. Situat \u00eentr-o zon\u0103 reziden\u021bial\u0103 la 15 minute de mers cu ma\u0219ina de ora\u0219ul vechi din Timi\u0219oara \u0219i la 10 minute de mers cu ma\u0219ina de Aeroportul Interna\u021bional Timi\u0219oara, Hotelul Galaxy este perfect at\u00e2t pentru agrement, c\u00e2t \u0219i pentru afaceri. Hotelul nostru este&#8230; <a class=\"view-article\" href=\"https:\/\/galaxyshoppingdumbravita.ro\/en\/dezvoltator\/\">View Article<\/a>","protected":false},"author":1,"featured_media":0,"parent":0,"menu_order":0,"comment_status":"closed","ping_status":"closed","template":"template-spatii.php","meta":{"footnotes":""},"yoast_head":"<!-- This site is optimized with the Yoast SEO plugin v22.6 - https:\/\/yoast.com\/wordpress\/plugins\/seo\/ -->\n<title>Dezvoltator - Galaxy Shopping<\/title>\n<meta name=\"robots\" content=\"index, follow, max-snippet:-1, max-image-preview:large, max-video-preview:-1\" \/>\n<link rel=\"canonical\" href=\"https:\/\/galaxyshoppingdumbravita.ro\/en\/dezvoltator\/\" \/>\n<meta property=\"og:locale\" content=\"en_US\" \/>\n<meta property=\"og:type\" content=\"article\" \/>\n<meta property=\"og:title\" content=\"Dezvoltator - Galaxy Shopping\" \/>\n<meta property=\"og:description\" content=\"Hotel Galaxy Boutique Hotel Galaxy v\u0103 \u00eent\u00e2mpin\u0103 cu o arhitectur\u0103 unic\u0103 \u0219i elegant\u0103. Situat \u00eentr-o zon\u0103 reziden\u021bial\u0103 la 15 minute de mers cu ma\u0219ina de ora\u0219ul vechi din Timi\u0219oara \u0219i la 10 minute de mers cu ma\u0219ina de Aeroportul Interna\u021bional Timi\u0219oara, Hotelul Galaxy este perfect at\u00e2t pentru agrement, c\u00e2t \u0219i pentru afaceri. Hotelul nostru este... View Article\" \/>\n<meta property=\"og:url\" content=\"https:\/\/galaxyshoppingdumbravita.ro\/en\/dezvoltator\/\" \/>\n<meta property=\"og:site_name\" content=\"Galaxy Shopping\" \/>\n<meta property=\"article:modified_time\" content=\"2020-10-08T13:49:29+00:00\" \/>\n<meta property=\"og:image\" content=\"https:\/\/galaxyshoppingdumbravita.ro\/wp-content\/uploads\/2020\/10\/IMG20806-HDR-Edit.jpg\" \/>\n\t<meta property=\"og:image:width\" content=\"1943\" \/>\n\t<meta property=\"og:image:height\" content=\"1295\" \/>\n\t<meta property=\"og:image:type\" content=\"image\/jpeg\" \/>\n<meta name=\"twitter:card\" content=\"summary_large_image\" \/>\n<meta name=\"twitter:label1\" content=\"Est. reading time\" \/>\n\t<meta name=\"twitter:data1\" content=\"1 minute\" \/>\n<script type=\"application\/ld+json\" class=\"yoast-schema-graph\">{\"@context\":\"https:\/\/schema.org\",\"@graph\":[{\"@type\":\"WebPage\",\"@id\":\"https:\/\/galaxyshoppingdumbravita.ro\/en\/dezvoltator\/\",\"url\":\"https:\/\/galaxyshoppingdumbravita.ro\/en\/dezvoltator\/\",\"name\":\"Dezvoltator - Galaxy Shopping\",\"isPartOf\":{\"@id\":\"https:\/\/galaxyshoppingdumbravita.ro\/#website\"},\"datePublished\":\"2020-07-30T11:16:31+00:00\",\"dateModified\":\"2020-10-08T13:49:29+00:00\",\"breadcrumb\":{\"@id\":\"https:\/\/galaxyshoppingdumbravita.ro\/en\/dezvoltator\/#breadcrumb\"},\"inLanguage\":\"en-US\",\"potentialAction\":[{\"@type\":\"ReadAction\",\"target\":[\"https:\/\/galaxyshoppingdumbravita.ro\/en\/dezvoltator\/\"]}]},{\"@type\":\"BreadcrumbList\",\"@id\":\"https:\/\/galaxyshoppingdumbravita.ro\/en\/dezvoltator\/#breadcrumb\",\"itemListElement\":[{\"@type\":\"ListItem\",\"position\":1,\"name\":\"Prima pagin\u0103\",\"item\":\"https:\/\/galaxyshoppingdumbravita.ro\/\"},{\"@type\":\"ListItem\",\"position\":2,\"name\":\"Dezvoltator\"}]},{\"@type\":\"WebSite\",\"@id\":\"https:\/\/galaxyshoppingdumbravita.ro\/#website\",\"url\":\"https:\/\/galaxyshoppingdumbravita.ro\/\",\"name\":\"Galaxy Shopping\",\"description\":\"Quality shopping, happy customers\",\"potentialAction\":[{\"@type\":\"SearchAction\",\"target\":{\"@type\":\"EntryPoint\",\"urlTemplate\":\"https:\/\/galaxyshoppingdumbravita.ro\/?s={search_term_string}\"},\"query-input\":\"required name=search_term_string\"}],\"inLanguage\":\"en-US\"}]}<\/script>\n<!-- \/ Yoast SEO plugin. -->","yoast_head_json":{"title":"Dezvoltator - Galaxy Shopping","robots":{"index":"index","follow":"follow","max-snippet":"max-snippet:-1","max-image-preview":"max-image-preview:large","max-video-preview":"max-video-preview:-1"},"canonical":"https:\/\/galaxyshoppingdumbravita.ro\/en\/dezvoltator\/","og_locale":"en_US","og_type":"article","og_title":"Dezvoltator - Galaxy Shopping","og_description":"Hotel Galaxy Boutique Hotel Galaxy v\u0103 \u00eent\u00e2mpin\u0103 cu o arhitectur\u0103 unic\u0103 \u0219i elegant\u0103. Situat \u00eentr-o zon\u0103 reziden\u021bial\u0103 la 15 minute de mers cu ma\u0219ina de ora\u0219ul vechi din Timi\u0219oara \u0219i la 10 minute de mers cu ma\u0219ina de Aeroportul Interna\u021bional Timi\u0219oara, Hotelul Galaxy este perfect at\u00e2t pentru agrement, c\u00e2t \u0219i pentru afaceri. Hotelul nostru este... View Article","og_url":"https:\/\/galaxyshoppingdumbravita.ro\/en\/dezvoltator\/","og_site_name":"Galaxy Shopping","article_modified_time":"2020-10-08T13:49:29+00:00","og_image":[{"width":1943,"height":1295,"url":"https:\/\/galaxyshoppingdumbravita.ro\/wp-content\/uploads\/2020\/10\/IMG20806-HDR-Edit.jpg","type":"image\/jpeg"}],"twitter_card":"summary_large_image","twitter_misc":{"Est. reading time":"1 minute"},"schema":{"@context":"https:\/\/schema.org","@graph":[{"@type":"WebPage","@id":"https:\/\/galaxyshoppingdumbravita.ro\/en\/dezvoltator\/","url":"https:\/\/galaxyshoppingdumbravita.ro\/en\/dezvoltator\/","name":"Dezvoltator - Galaxy Shopping","isPartOf":{"@id":"https:\/\/galaxyshoppingdumbravita.ro\/#website"},"datePublished":"2020-07-30T11:16:31+00:00","dateModified":"2020-10-08T13:49:29+00:00","breadcrumb":{"@id":"https:\/\/galaxyshoppingdumbravita.ro\/en\/dezvoltator\/#breadcrumb"},"inLanguage":"en-US","potentialAction":[{"@type":"ReadAction","target":["https:\/\/galaxyshoppingdumbravita.ro\/en\/dezvoltator\/"]}]},{"@type":"BreadcrumbList","@id":"https:\/\/galaxyshoppingdumbravita.ro\/en\/dezvoltator\/#breadcrumb","itemListElement":[{"@type":"ListItem","position":1,"name":"Prima pagin\u0103","item":"https:\/\/galaxyshoppingdumbravita.ro\/"},{"@type":"ListItem","position":2,"name":"Dezvoltator"}]},{"@type":"WebSite","@id":"https:\/\/galaxyshoppingdumbravita.ro\/#website","url":"https:\/\/galaxyshoppingdumbravita.ro\/","name":"Galaxy Shopping","description":"Quality shopping, happy customers","potentialAction":[{"@type":"SearchAction","target":{"@type":"EntryPoint","urlTemplate":"https:\/\/galaxyshoppingdumbravita.ro\/?s={search_term_string}"},"query-input":"required name=search_term_string"}],"inLanguage":"en-US"}]}},"_links":{"self":[{"href":"https:\/\/galaxyshoppingdumbravita.ro\/en\/wp-json\/wp\/v2\/pages\/81"}],"collection":[{"href":"https:\/\/galaxyshoppingdumbravita.ro\/en\/wp-json\/wp\/v2\/pages"}],"about":[{"href":"https:\/\/galaxyshoppingdumbravita.ro\/en\/wp-json\/wp\/v2\/types\/page"}],"author":[{"embeddable":true,"href":"https:\/\/galaxyshoppingdumbravita.ro\/en\/wp-json\/wp\/v2\/users\/1"}],"replies":[{"embeddable":true,"href":"https:\/\/galaxyshoppingdumbravita.ro\/en\/wp-json\/wp\/v2\/comments?post=81"}],"version-history":[{"count":42,"href":"https:\/\/galaxyshoppingdumbravita.ro\/en\/wp-json\/wp\/v2\/pages\/81\/revisions"}],"predecessor-version":[{"id":292,"href":"https:\/\/galaxyshoppingdumbravita.ro\/en\/wp-json\/wp\/v2\/pages\/81\/revisions\/292"}],"wp:attachment":[{"href":"https:\/\/galaxyshoppingdumbravita.ro\/en\/wp-json\/wp\/v2\/media?parent=81"}],"curies":[{"name":"wp","href":"https:\/\/api.w.org\/{rel}","templated":true}]}}